{"id":1280,"date":"2025-09-09T09:47:00","date_gmt":"2025-09-09T07:47:00","guid":{"rendered":"https:\/\/sahia.mada-creative-agency.com\/?page_id=1280"},"modified":"2025-09-17T09:21:16","modified_gmt":"2025-09-17T07:21:16","slug":"our-tours","status":"publish","type":"page","link":"https:\/\/sahiatravel-madagascar.com\/fr\/our-tours\/","title":{"rendered":"Our Tours"},"content":{"rendered":"<div data-elementor-type=\"wp-page\" data-elementor-id=\"1280\" class=\"elementor elementor-1280\" data-elementor-post-type=\"page\">\n\t\t\t\t<div class=\"elementor-element elementor-element-7a5c9ca e-con-full e-flex e-con e-parent\" data-id=\"7a5c9ca\" data-element_type=\"container\" data-e-type=\"container\" data-settings=\"{&quot;background_background&quot;:&quot;classic&quot;,&quot;shape_divider_bottom&quot;:&quot;mountains&quot;}\">\n\t\t\t\t<div class=\"elementor-shape elementor-shape-bottom\" aria-hidden=\"true\" data-negative=\"false\">\n\t\t\t<svg xmlns=\"http:\/\/www.w3.org\/2000\/svg\" viewbox=\"0 0 1000 100\" preserveaspectratio=\"none\">\n\t<path class=\"elementor-shape-fill\" opacity=\"0.33\" d=\"M473,67.3c-203.9,88.3-263.1-34-320.3,0C66,119.1,0,59.7,0,59.7V0h1000v59.7 c0,0-62.1,26.1-94.9,29.3c-32.8,3.3-62.8-12.3-75.8-22.1C806,49.6,745.3,8.7,694.9,4.7S492.4,59,473,67.3z\"\/>\n\t<path class=\"elementor-shape-fill\" opacity=\"0.66\" d=\"M734,67.3c-45.5,0-77.2-23.2-129.1-39.1c-28.6-8.7-150.3-10.1-254,39.1 s-91.7-34.4-149.2,0C115.7,118.3,0,39.8,0,39.8V0h1000v36.5c0,0-28.2-18.5-92.1-18.5C810.2,18.1,775.7,67.3,734,67.3z\"\/>\n\t<path class=\"elementor-shape-fill\" d=\"M766.1,28.9c-200-57.5-266,65.5-395.1,19.5C242,1.8,242,5.4,184.8,20.6C128,35.8,132.3,44.9,89.9,52.5C28.6,63.7,0,0,0,0 h1000c0,0-9.9,40.9-83.6,48.1S829.6,47,766.1,28.9z\"\/>\n<\/svg>\t\t<\/div>\n\t\t\t\t<div class=\"elementor-element elementor-element-0586ba8 elementor-widget elementor-widget-spacer\" data-id=\"0586ba8\" data-element_type=\"widget\" data-e-type=\"widget\" data-widget_type=\"spacer.default\">\n\t\t\t\t\t\t\t<div class=\"elementor-spacer\">\n\t\t\t<div class=\"elementor-spacer-inner\"><\/div>\n\t\t<\/div>\n\t\t\t\t\t\t<\/div>\n\t\t\t\t<div class=\"elementor-element elementor-element-75a1b5d elementor-widget elementor-widget-heading\" data-id=\"75a1b5d\" data-element_type=\"widget\" data-e-type=\"widget\" data-widget_type=\"heading.default\">\n\t\t\t\t\t<h2 class=\"elementor-heading-title elementor-size-default\">Nos circuits<\/h2>\t\t\t\t<\/div>\n\t\t\t\t<div class=\"elementor-element elementor-element-c1673a1 elementor-widget elementor-widget-spacer\" data-id=\"c1673a1\" data-element_type=\"widget\" data-e-type=\"widget\" data-widget_type=\"spacer.default\">\n\t\t\t\t\t\t\t<div class=\"elementor-spacer\">\n\t\t\t<div class=\"elementor-spacer-inner\"><\/div>\n\t\t<\/div>\n\t\t\t\t\t\t<\/div>\n\t\t\t\t<\/div>\n\t\t<div class=\"elementor-element elementor-element-23008eb e-flex e-con-boxed e-con e-parent\" data-id=\"23008eb\" data-element_type=\"container\" data-e-type=\"container\">\n\t\t\t\t\t<div class=\"e-con-inner\">\n\t\t\t\t<div class=\"elementor-element elementor-element-e16a040 elementor-widget elementor-widget-spacer\" data-id=\"e16a040\" data-element_type=\"widget\" data-e-type=\"widget\" data-widget_type=\"spacer.default\">\n\t\t\t\t\t\t\t<div class=\"elementor-spacer\">\n\t\t\t<div class=\"elementor-spacer-inner\"><\/div>\n\t\t<\/div>\n\t\t\t\t\t\t<\/div>\n\t\t\t\t<div class=\"elementor-element elementor-element-3a98b5c elementor-widget elementor-widget-heading\" data-id=\"3a98b5c\" data-element_type=\"widget\" data-e-type=\"widget\" data-widget_type=\"heading.default\">\n\t\t\t\t\t<h2 class=\"elementor-heading-title elementor-size-default\">Sah\u00eca Travel Madagascar \u2013 Vivez l'extraordinaire<\/h2>\t\t\t\t<\/div>\n\t\t\t\t<div class=\"elementor-element elementor-element-e93148c elementor-widget elementor-widget-heading\" data-id=\"e93148c\" data-element_type=\"widget\" data-e-type=\"widget\" data-widget_type=\"heading.default\">\n\t\t\t\t\t<h3 class=\"elementor-heading-title elementor-size-default\">DARE TO ADVENTURE!<\/h3>\t\t\t\t<\/div>\n\t\t\t\t<div class=\"elementor-element elementor-element-5dfee22 elementor-widget elementor-widget-text-editor\" data-id=\"5dfee22\" data-element_type=\"widget\" data-e-type=\"widget\" data-widget_type=\"text-editor.default\">\n\t\t\t\t\t\t\t\t\t<p>Plongez dans l'\u00eele rouge et laissez-vous emporter par ses paysages \u00e0 couper le souffle, ses habitants authentiques, sa faune unique et sa culture captivante. Avec <strong>Sah\u00eca Travel<\/strong>chaque voyage devient une <strong>exp\u00e9rience po\u00e9tique, sensorielle et inoubliable.<\/strong>.<\/p>\t\t\t\t\t\t\t\t<\/div>\n\t\t\t\t<div class=\"elementor-element elementor-element-7e263fb elementor-widget elementor-widget-spacer\" data-id=\"7e263fb\" data-element_type=\"widget\" data-e-type=\"widget\" data-widget_type=\"spacer.default\">\n\t\t\t\t\t\t\t<div class=\"elementor-spacer\">\n\t\t\t<div class=\"elementor-spacer-inner\"><\/div>\n\t\t<\/div>\n\t\t\t\t\t\t<\/div>\n\t\t\t\t<div class=\"elementor-element elementor-element-a3ecf74 elementor-widget elementor-widget-wptravelengine-trip-types\" data-id=\"a3ecf74\" data-element_type=\"widget\" data-e-type=\"widget\" data-widget_type=\"wptravelengine-trip-types.default\">\n\t\t\t\t<div class=\"elementor-widget-container\">\n\t\t\t\t\t<div class=\"wp-block-wptravelengine wpte-gblock-wrapper wpte-elementor-widget\">\n\t<div class=\"category-grid wte-d-flex wte-layout-grid wpte-trip-list-wrapper default\t wte-col-3 full-width\">\n\t<div class=\"wpte-trip-category style-1\">\n\t<div class=\"wpte-inner-container\">\n\t\t<div class=\"wpte-trip-category-img-wrap\">\n\t\t\t<figure class=\"thumbnail\">\n\t\t\t\t\t\t\t\t<a href=\"https:\/\/sahiatravel-madagascar.com\/fr\/trip-types\/classic-discovery-tours\/\">\n\t\t\t\t\t<img decoding=\"async\" src=\"https:\/\/sahiatravel-madagascar.com\/wp-content\/uploads\/2025\/09\/canva-majestic-baobabs-lining-a-dusty-road-in-madagascar-MAGonof6s5s-990x490.webp\" alt=\"canva-majestic-baobabs-lining-a-dusty-road-in-madagascar-MAGonof6s5s\" \/>\n\t\t\t\t<\/a>\n\t\t\t\t\t\t\t<\/figure>\n\t\t<\/div>\n\t\t\t\t\t<div class=\"wpte-trip-category-text-wrap\">\n\t\t\t\t<h2 class=\"wpte-trip-category-title\"><a href=\"https:\/\/sahiatravel-madagascar.com\/fr\/trip-types\/classic-discovery-tours\/\">Circuits Classiques<\/a>\n\t\t\t\t\t\t\t\t\t\t<span class=\"trip-count\">(3 Tours)<\/span>\n\t\t\t\t\t\t\t\t\t<span class=\"wpte-icon\">\n\t\t\t\t\t\t\t\t\t<\/span>\n\t\t\t<\/h2>\n\t\t<\/div>\n\t\t\t<\/div>\n<\/div>\n<div class=\"wpte-trip-category style-1\">\n\t<div class=\"wpte-inner-container\">\n\t\t<div class=\"wpte-trip-category-img-wrap\">\n\t\t\t<figure class=\"thumbnail\">\n\t\t\t\t\t\t\t\t<a href=\"https:\/\/sahiatravel-madagascar.com\/fr\/trip-types\/intense-adventure-tours\/\">\n\t\t\t\t\t<img decoding=\"async\" src=\"https:\/\/sahiatravel-madagascar.com\/wp-content\/uploads\/2025\/09\/randonne-990x490.webp\" alt=\"randonn\u00e9\" \/>\n\t\t\t\t<\/a>\n\t\t\t\t\t\t\t<\/figure>\n\t\t<\/div>\n\t\t\t\t\t<div class=\"wpte-trip-category-text-wrap\">\n\t\t\t\t<h2 class=\"wpte-trip-category-title\"><a href=\"https:\/\/sahiatravel-madagascar.com\/fr\/trip-types\/intense-adventure-tours\/\">Circuits aventure intense<\/a>\n\t\t\t\t\t\t\t\t\t\t<span class=\"trip-count\">(3 Tours)<\/span>\n\t\t\t\t\t\t\t\t\t<span class=\"wpte-icon\">\n\t\t\t\t\t\t\t\t\t<\/span>\n\t\t\t<\/h2>\n\t\t<\/div>\n\t\t\t<\/div>\n<\/div>\n<div class=\"wpte-trip-category style-1\">\n\t<div class=\"wpte-inner-container\">\n\t\t<div class=\"wpte-trip-category-img-wrap\">\n\t\t\t<figure class=\"thumbnail\">\n\t\t\t\t\t\t\t\t<a href=\"https:\/\/sahiatravel-madagascar.com\/fr\/trip-types\/luxury-adventure-tours\/\">\n\t\t\t\t\t<img decoding=\"async\" src=\"https:\/\/sahiatravel-madagascar.com\/wp-content\/uploads\/2025\/09\/luxe-990x490.webp\" alt=\"luxe\" \/>\n\t\t\t\t<\/a>\n\t\t\t\t\t\t\t<\/figure>\n\t\t<\/div>\n\t\t\t\t\t<div class=\"wpte-trip-category-text-wrap\">\n\t\t\t\t<h2 class=\"wpte-trip-category-title\"><a href=\"https:\/\/sahiatravel-madagascar.com\/fr\/trip-types\/luxury-adventure-tours\/\">Circuits aventure de luxe<\/a>\n\t\t\t\t\t\t\t\t\t\t<span class=\"trip-count\">(1 Tour)<\/span>\n\t\t\t\t\t\t\t\t\t<span class=\"wpte-icon\">\n\t\t\t\t\t\t\t\t\t<\/span>\n\t\t\t<\/h2>\n\t\t<\/div>\n\t\t\t<\/div>\n<\/div>\n<div class=\"wpte-trip-category style-1\">\n\t<div class=\"wpte-inner-container\">\n\t\t<div class=\"wpte-trip-category-img-wrap\">\n\t\t\t<figure class=\"thumbnail\">\n\t\t\t\t\t\t\t\t<a href=\"https:\/\/sahiatravel-madagascar.com\/fr\/trip-types\/soft-adventure-tours\/\">\n\t\t\t\t\t<img decoding=\"async\" src=\"https:\/\/sahiatravel-madagascar.com\/wp-content\/uploads\/2025\/09\/soft-990x490.webp\" alt=\"soft\" \/>\n\t\t\t\t<\/a>\n\t\t\t\t\t\t\t<\/figure>\n\t\t<\/div>\n\t\t\t\t\t<div class=\"wpte-trip-category-text-wrap\">\n\t\t\t\t<h2 class=\"wpte-trip-category-title\"><a href=\"https:\/\/sahiatravel-madagascar.com\/fr\/trip-types\/soft-adventure-tours\/\">Circuits aventure mod\u00e9r\u00e9e<\/a>\n\t\t\t\t\t\t\t\t\t\t<span class=\"trip-count\">(4 Tours)<\/span>\n\t\t\t\t\t\t\t\t\t<span class=\"wpte-icon\">\n\t\t\t\t\t\t\t\t\t<\/span>\n\t\t\t<\/h2>\n\t\t<\/div>\n\t\t\t<\/div>\n<\/div>\n<div class=\"wpte-trip-category style-1\">\n\t<div class=\"wpte-inner-container\">\n\t\t<div class=\"wpte-trip-category-img-wrap\">\n\t\t\t<figure class=\"thumbnail\">\n\t\t\t\t\t\t\t\t<a href=\"https:\/\/sahiatravel-madagascar.com\/fr\/trip-types\/wildlife-focused-tours\/\">\n\t\t\t\t\t<img decoding=\"async\" src=\"https:\/\/sahiatravel-madagascar.com\/wp-content\/uploads\/2025\/09\/wild-990x490.webp\" alt=\"wild\" \/>\n\t\t\t\t<\/a>\n\t\t\t\t\t\t\t<\/figure>\n\t\t<\/div>\n\t\t\t\t\t<div class=\"wpte-trip-category-text-wrap\">\n\t\t\t\t<h2 class=\"wpte-trip-category-title\"><a href=\"https:\/\/sahiatravel-madagascar.com\/fr\/trip-types\/wildlife-focused-tours\/\">Wildlife-focused Tours<\/a>\n\t\t\t\t\t\t\t\t\t\t<span class=\"trip-count\">(3 Tours)<\/span>\n\t\t\t\t\t\t\t\t\t<span class=\"wpte-icon\">\n\t\t\t\t\t\t\t\t\t<\/span>\n\t\t\t<\/h2>\n\t\t<\/div>\n\t\t\t<\/div>\n<\/div>\n\t<\/div>\n\t<\/div>\n\t\t\t\t\t<\/div>\n\t\t\t\t<\/div>\n\t\t\t\t<div class=\"elementor-element elementor-element-d2d35db elementor-widget elementor-widget-spacer\" data-id=\"d2d35db\" data-element_type=\"widget\" data-e-type=\"widget\" data-widget_type=\"spacer.default\">\n\t\t\t\t\t\t\t<div class=\"elementor-spacer\">\n\t\t\t<div class=\"elementor-spacer-inner\"><\/div>\n\t\t<\/div>\n\t\t\t\t\t\t<\/div>\n\t\t\t\t\t<\/div>\n\t\t\t\t<\/div>\n\t\t\t\t<\/div>","protected":false},"excerpt":{"rendered":"<p>Ours Tours Sah\u00eca Travel Madagascar \u2013 Experience the Extraordinary DARE TO ADVENTURE! Dive into the Red Island and let yourself be carried away by its breathtaking landscapes, authentic people, unique wildlife, and captivating culture. With Sah\u00eca Travel, every journey becomes a poetic, sensory, and unforgettable experience. Classic Discovery Tours (3 Tours) Intense Adventure Tours (4 [&hellip;]<\/p>\n","protected":false},"author":1,"featured_media":1257,"parent":0,"menu_order":0,"comment_status":"closed","ping_status":"closed","template":"","meta":{"footnotes":""},"class_list":["post-1280","page","type-page","status-publish","has-post-thumbnail","hentry"],"_links":{"self":[{"href":"https:\/\/sahiatravel-madagascar.com\/fr\/wp-json\/wp\/v2\/pages\/1280","targetHints":{"allow":["GET"]}}],"collection":[{"href":"https:\/\/sahiatravel-madagascar.com\/fr\/wp-json\/wp\/v2\/pages"}],"about":[{"href":"https:\/\/sahiatravel-madagascar.com\/fr\/wp-json\/wp\/v2\/types\/page"}],"author":[{"embeddable":true,"href":"https:\/\/sahiatravel-madagascar.com\/fr\/wp-json\/wp\/v2\/users\/1"}],"replies":[{"embeddable":true,"href":"https:\/\/sahiatravel-madagascar.com\/fr\/wp-json\/wp\/v2\/comments?post=1280"}],"version-history":[{"count":48,"href":"https:\/\/sahiatravel-madagascar.com\/fr\/wp-json\/wp\/v2\/pages\/1280\/revisions"}],"predecessor-version":[{"id":1556,"href":"https:\/\/sahiatravel-madagascar.com\/fr\/wp-json\/wp\/v2\/pages\/1280\/revisions\/1556"}],"wp:featuredmedia":[{"embeddable":true,"href":"https:\/\/sahiatravel-madagascar.com\/fr\/wp-json\/wp\/v2\/media\/1257"}],"wp:attachment":[{"href":"https:\/\/sahiatravel-madagascar.com\/fr\/wp-json\/wp\/v2\/media?parent=1280"}],"curies":[{"name":"wp","href":"https:\/\/api.w.org\/{rel}","templated":true}]}}