{"id":2181,"date":"2025-12-16T12:46:48","date_gmt":"2025-12-16T11:46:48","guid":{"rendered":"https:\/\/sahia.mada-creative-agency.com\/?page_id=2181"},"modified":"2025-12-16T12:46:48","modified_gmt":"2025-12-16T11:46:48","slug":"practical-information","status":"publish","type":"page","link":"https:\/\/sahiatravel-madagascar.com\/fr\/practical-information\/","title":{"rendered":"Informations pratiques"},"content":{"rendered":"<h2 class=\"wp-block-heading\">COMMENT SE RENDRE \u00c0 MADAGASCAR<\/h2>\n\n\n\n<p>Plusieurs compagnies a\u00e9riennes desservent la Grande \u00cele, notamment Ethiopian Airlines, Airlink, Turkish Airlines, Kenya Airways, Air Mauritius, Air Austral, Emirates et Air France.<\/p>\n\n\n\n<h2 class=\"wp-block-heading\">VISA<\/h2>\n\n\n\n<p>Un visa touristique est n\u00e9cessaire pour tout \u00e9tranger, quelle que soit sa nationalit\u00e9, pour entrer et s\u00e9journer \u00e0 Madagascar. Vous pouvez l'obtenir soit aupr\u00e8s de l'ambassade\/consulat malgache de votre pays, soit directement \u00e0 l'a\u00e9roport \u00e0 votre arriv\u00e9e. Dans les deux cas, vous devrez pr\u00e9senter :<\/p>\n\n\n\n<ul class=\"wp-block-list\">\n<li>Votre billet d'avion aller-retour ou aller simple<\/li>\n\n\n\n<li>Un passeport valide pendant au moins six mois apr\u00e8s la date de d\u00e9part de Madagascar.<\/li>\n\n\n\n<li>Pour 2026, le co\u00fbt du visa touristique est de 10 euros pour moins de 15 jours et de 35 euros pour moins de 30 jours.<\/li>\n<\/ul>\n\n\n\n<h2 class=\"wp-block-heading\">MONNAIE ET SERVICES BANCAIRES<\/h2>\n\n\n\n<p>La monnaie locale est l\u2019ariary, dont le taux est d\u2019environ 5 000 Ar pour 1 euro.<\/p>\n\n\n\n<p>Les banques sont g\u00e9n\u00e9ralement ouvertes de 8h00 \u00e0 15h30 en semaine. Les cartes bancaires, principalement la carte VISA, sont accept\u00e9es dans les h\u00f4tels, restaurants et certains commerces des grandes villes, notamment \u00e0 Antananarivo.<\/p>\n\n\n\n<p>Dans les villes de taille moyenne, il est possible de retirer de l\u2019argent aux distributeurs automatiques. Un distributeur est \u00e9galement disponible \u00e0 l\u2019a\u00e9roport d\u2019Antananarivo. Il est toutefois d\u00e9conseill\u00e9 de compter uniquement sur les distributeurs, ceux-ci pouvant \u00eatre hors service. Il est recommand\u00e9 de conserver de l\u2019argent liquide, notamment en euros, pour les situations d\u2019urgence.<\/p>\n\n\n\n<h2 class=\"wp-block-heading\">LANGUE<\/h2>\n\n\n\n<p>La population parle g\u00e9n\u00e9ralement le fran\u00e7ais sur l\u2019ensemble de l\u2019\u00eele. Peu de personnes parlent l\u2019anglais ou l\u2019allemand, bien que les professionnels du secteur touristique ma\u00eetrisent de plus en plus ces langues. Des guides parlant anglais, fran\u00e7ais, allemand, italien, espagnol, chinois, japonais et russe peuvent \u00eatre mis \u00e0 disposition.<\/p>\n\n\n\n<h2 class=\"wp-block-heading\">SANT\u00c9<\/h2>\n\n\n\n<h3 class=\"wp-block-heading\">* Vaccinations<\/h3>\n\n\n\n<p>Aucun vaccin n'est exig\u00e9 par la loi pour entrer \u00e0 Madagascar. Cependant, nous recommandons vivement aux voyageurs d'\u00eatre \u00e0 jour dans leurs vaccinations contre :<\/p>\n\n\n\n<ul class=\"wp-block-list\">\n<li>H\u00e9patite B<\/li>\n\n\n\n<li>Fi\u00e8vre typho\u00efde<\/li>\n\n\n\n<li>Dipht\u00e9rie \/ T\u00e9tanos \/ Poliomy\u00e9lite<\/li>\n<\/ul>\n\n\n\n<h3 class=\"wp-block-heading\">* Traitement antipaludique<\/h3>\n\n\n\n<p>Malgr\u00e9 des risques plus \u00e9lev\u00e9s sur la c\u00f4te que dans les hautes terres, et pendant la saison des pluies plus que pendant la saison s\u00e8che, le paludisme est pr\u00e9sent sur toute l'\u00eele tout au long de l'ann\u00e9e. Par cons\u00e9quent, un traitement antipaludique doit \u00eatre pris avant, pendant et apr\u00e8s votre s\u00e9jour \u00e0 Madagascar. Consultez votre m\u00e9decin traitant avant de partir en voyage.<\/p>\n\n\n\n<h2 class=\"wp-block-heading\">CLIMAT<\/h2>\n\n\n\n<p>La meilleure p\u00e9riode pour visiter Madagascar correspond \u00e0 la saison s\u00e8che, d\u2019avril \u00e0 mi-novembre. La haute saison touristique s\u2019\u00e9tend de juillet \u00e0 octobre, p\u00e9riode durant laquelle il est recommand\u00e9 de r\u00e9server \u00e0 l\u2019avance.<\/p>\n\n\n\n<p>De mi-juin \u00e0 mi-septembre, l\u2019hiver s\u2019installe sur les Hautes Terres, notamment \u00e0 Antananarivo, Antsirabe, Fianarantsoa, Andringitra et Andasibe. Les temp\u00e9ratures diurnes avoisinent les 18 \u00b0C, tandis que les temp\u00e9ratures nocturnes peuvent descendre jusqu\u2019\u00e0 5 \u00b0C. Sur les c\u00f4tes, le climat reste chaud et agr\u00e9able toute l\u2019ann\u00e9e.<\/p>\n\n\n\n<p>Sur la c\u00f4te, il fait toujours beau et chaud.<\/p>\n\n\n\n<p>La saison cyclonique (mi-d\u00e9cembre \u00e0 mi-mars) est \u00e0 \u00e9viter.<\/p>\n\n\n\n<h2 class=\"wp-block-heading\">V\u00caTEMENTS ET BAGAGES<\/h2>\n\n\n\n<p>Il est recommand\u00e9 de porter des v\u00eatements d\u00e9contract\u00e9s, confortables et faciles d'entretien. Une veste chaude est utile pendant les mois d'hiver dans les hautes terres (de juin \u00e0 septembre). Des chaussures de randonn\u00e9e sont fortement recommand\u00e9es si votre itin\u00e9raire comprend des promenades.<\/p>\n\n\n\n<p>Pour votre confort et pour faciliter le transport, limitez vos bagages au strict minimum.<\/p>\n\n\n\n<p>N'oubliez pas : anti-moustiques, protection solaire, lampe de poche ou lampe frontale pour les randonn\u00e9es nocturnes.<\/p>\n\n\n\n<h2 class=\"wp-block-heading\">NORMES RELATIVES \u00c0 L'\u00c9LECTRICIT\u00c9 ET AUX PRISES<\/h2>\n\n\n\n<p>\u00c0 Madagascar, les prises \u00e0 deux broches et les prises standard europ\u00e9ennes sont les plus utilis\u00e9es, avec une tension de 220 volts (mais celle-ci peut descendre jusqu'\u00e0 170 volts dans certaines r\u00e9gions aux heures de pointe).<\/p>\n\n\n\n<p>L'\u00e9lectricit\u00e9 (220 volts) est disponible dans les principales villes. Dans les petits villages ou les h\u00f4tels de brousse, l'\u00e9lectricit\u00e9 est souvent produite par l'\u00e9nergie solaire avec un g\u00e9n\u00e9rateur de secours.<\/p>\n\n\n\n<p>Quoi qu'il en soit, emportez une lampe de poche ou une lampe frontale avec vous.<\/p>\n\n\n\n<h2 class=\"wp-block-heading\">T\u00c9L\u00c9PHONE<\/h2>\n\n\n\n<p>Votre chauffeur ou guide peut vous aider \u00e0 obtenir une carte SIM locale d\u00e8s votre arriv\u00e9e. Les principaux op\u00e9rateurs \u00e0 Madagascar sont YAS, ORANGE et AIRTEL. Il convient toutefois de noter que certaines r\u00e9gions ne disposent d\u2019aucune couverture r\u00e9seau. Le Wi-Fi est disponible dans la majorit\u00e9 des h\u00f4tels et dans certains espaces publics, sous r\u00e9serve de connectivit\u00e9, notamment dans les \u00e9tablissements situ\u00e9s en zone isol\u00e9e.<\/p>","protected":false},"excerpt":{"rendered":"<p>HOW TO GET TO MADAGASCAR Several airlines serve the great island: Ethiopian airlines, Airlink, Turkish Airlines, Kenya Airways, Air Mauritius, Air Austral, Emirates, Air France. VISA A touristic visa is necessary for any foreigner of any nationality to enter and stay in Madagascar. You can obtain it either at the Malagasy Embassy \/ consulate in [&hellip;]<\/p>\n","protected":false},"author":1,"featured_media":0,"parent":0,"menu_order":0,"comment_status":"closed","ping_status":"closed","template":"","meta":{"footnotes":""},"class_list":["post-2181","page","type-page","status-publish","hentry"],"_links":{"self":[{"href":"https:\/\/sahiatravel-madagascar.com\/fr\/wp-json\/wp\/v2\/pages\/2181","targetHints":{"allow":["GET"]}}],"collection":[{"href":"https:\/\/sahiatravel-madagascar.com\/fr\/wp-json\/wp\/v2\/pages"}],"about":[{"href":"https:\/\/sahiatravel-madagascar.com\/fr\/wp-json\/wp\/v2\/types\/page"}],"author":[{"embeddable":true,"href":"https:\/\/sahiatravel-madagascar.com\/fr\/wp-json\/wp\/v2\/users\/1"}],"replies":[{"embeddable":true,"href":"https:\/\/sahiatravel-madagascar.com\/fr\/wp-json\/wp\/v2\/comments?post=2181"}],"version-history":[{"count":2,"href":"https:\/\/sahiatravel-madagascar.com\/fr\/wp-json\/wp\/v2\/pages\/2181\/revisions"}],"predecessor-version":[{"id":2190,"href":"https:\/\/sahiatravel-madagascar.com\/fr\/wp-json\/wp\/v2\/pages\/2181\/revisions\/2190"}],"wp:attachment":[{"href":"https:\/\/sahiatravel-madagascar.com\/fr\/wp-json\/wp\/v2\/media?parent=2181"}],"curies":[{"name":"wp","href":"https:\/\/api.w.org\/{rel}","templated":true}]}}